{"id":101,"date":"2025-09-20T02:00:43","date_gmt":"2025-09-20T02:00:43","guid":{"rendered":"https:\/\/assistinghandscare.com\/contact\/"},"modified":"2026-03-15T22:31:56","modified_gmt":"2026-03-15T22:31:56","slug":"contact","status":"publish","type":"page","link":"https:\/\/assistinghandscare.com\/es\/contact\/","title":{"rendered":"Contactanos"},"content":{"rendered":"<section class=\"u-clearfix u-grey-90 u-valign-middle-md u-section-2\" id=\"sec-5db1\">\n      <img decoding=\"async\" class=\"u-expanded-width u-image u-image-1\" src=\"https:\/\/assistinghandscare.com\/wp-content\/uploads\/2025\/09\/4-scaled.jpg\" data-image-width=\"3000\" data-image-height=\"2000\">\n      <div class=\"u-list u-list-1\">\n        <div class=\"u-repeater u-repeater-1\">\n          <div class=\"u-align-center u-container-align-center u-container-style u-list-item u-repeater-item u-white u-list-item-1\" data-animation-name=\"customAnimationIn\" data-animation-duration=\"1000\" data-animation-delay=\"0\">\n            <div class=\"u-container-layout u-similar-container u-valign-top u-container-layout-1\"><span class=\"u-icon u-icon-circle u-text-palette-1-base u-icon-1\"><svg class=\"u-svg-link\" preserveaspectratio=\"xMidYMin slice\" viewbox=\"0 0 52 52\" style=\"\"><use xlink:href=\"#svg-077e\"><\/use><\/svg><svg class=\"u-svg-content\" viewbox=\"0 0 52 52\" x=\"0px\" y=\"0px\" id=\"svg-077e\" style=\"enable-background:new 0 0 52 52;\"><path style=\"fill:currentColor;\" d=\"M38.853,5.324L38.853,5.324c-7.098-7.098-18.607-7.098-25.706,0h0\tC6.751,11.72,6.031,23.763,11.459,31L26,52l14.541-21C45.969,23.763,45.249,11.72,38.853,5.324z M26.177,24c-3.314,0-6-2.686-6-6\ts2.686-6,6-6s6,2.686,6,6S29.491,24,26.177,24z\"><\/path><\/svg><\/span>\n              <h5 class=\"u-text u-text-1\" data-animation-name=\"fadeIn\" data-animation-duration=\"1000\" data-animation-delay=\"0\">OFICINA <\/h5>\n              <p class=\"u-text u-text-2\">520 W. Main St El Centro, CA 92243<\/p>\n            <\/div>\n          <\/div>\n          <div class=\"u-align-center u-container-align-center u-container-style u-list-item u-repeater-item u-white u-list-item-2\" data-animation-name=\"customAnimationIn\" data-animation-duration=\"1000\" data-animation-delay=\"0\">\n            <div class=\"u-container-layout u-similar-container u-valign-top u-container-layout-2\"><span class=\"u-icon u-icon-circle u-text-palette-1-base u-icon-2\"><svg class=\"u-svg-link\" preserveaspectratio=\"xMidYMin slice\" viewbox=\"0 0 513.64 513.64\" style=\"\"><use xlink:href=\"#svg-9786\"><\/use><\/svg><svg class=\"u-svg-content\" viewbox=\"0 0 513.64 513.64\" x=\"0px\" y=\"0px\" id=\"svg-9786\" style=\"enable-background:new 0 0 513.64 513.64;\"><g><g><path d=\"M499.66,376.96l-71.68-71.68c-25.6-25.6-69.12-15.359-79.36,17.92c-7.68,23.041-33.28,35.841-56.32,30.72    c-51.2-12.8-120.32-79.36-133.12-133.12c-7.68-23.041,7.68-48.641,30.72-56.32c33.28-10.24,43.52-53.76,17.92-79.36l-71.68-71.68    c-20.48-17.92-51.2-17.92-69.12,0l-48.64,48.64c-48.64,51.2,5.12,186.88,125.44,307.2c120.32,120.32,256,176.641,307.2,125.44    l48.64-48.64C517.581,425.6,517.581,394.88,499.66,376.96z\"><\/path>\n<\/g>\n<\/g><\/svg><\/span>\n              <h5 class=\"u-text u-text-3\" data-animation-name=\"fadeIn\" data-animation-duration=\"1000\" data-animation-delay=\"0\">TELEFONO<\/h5>\n              <p class=\"u-text u-text-4\">760 424 5306<br>Atenci\u00f3n24\/7 \n              <\/p>\n            <\/div>\n          <\/div>\n          <div class=\"u-align-center u-container-align-center u-container-style u-list-item u-repeater-item u-white u-list-item-3\" data-animation-name=\"customAnimationIn\" data-animation-duration=\"1000\" data-animation-delay=\"0\">\n            <div class=\"u-container-layout u-similar-container u-valign-top u-container-layout-3\"><span class=\"u-icon u-icon-circle u-text-palette-1-base u-icon-3\"><svg class=\"u-svg-link\" preserveaspectratio=\"xMidYMin slice\" viewbox=\"0 0 512 512\" style=\"\"><use xlink:href=\"#svg-d01e\"><\/use><\/svg><svg class=\"u-svg-content\" viewbox=\"0 0 512 512\" id=\"svg-d01e\"><path d=\"m201 12.714v184.286h267v-184.286c0-7.022-5.692-12.714-12.714-12.714h-241.572c-7.022 0-12.714 5.692-12.714 12.714zm63.89 33.131h70.271c8.284 0 15 6.716 15 15s-6.716 15-15 15h-70.271c-8.284 0-15-6.716-15-15s6.715-15 15-15zm0 75.142h139.22c8.284 0 15 6.716 15 15s-6.716 15-15 15h-139.22c-8.284 0-15-6.716-15-15s6.715-15 15-15z\"><\/path><path d=\"m472 227h-275c-22.091 0-40 17.909-40 40v205c0 22.091 17.909 40 40 40h275c22.091 0 40-17.909 40-40v-205c0-22.091-17.909-40-40-40zm-207.5 217.5h-20c-8.284 0-15-6.716-15-15s6.716-15 15-15h20c8.284 0 15 6.716 15 15s-6.716 15-15 15zm0-60h-20c-8.284 0-15-6.716-15-15s6.716-15 15-15h20c8.284 0 15 6.716 15 15s-6.716 15-15 15zm0-60h-20c-8.284 0-15-6.716-15-15s6.716-15 15-15h20c8.284 0 15 6.716 15 15s-6.716 15-15 15zm80 120h-20c-8.284 0-15-6.716-15-15s6.716-15 15-15h20c8.284 0 15 6.716 15 15s-6.716 15-15 15zm0-60h-20c-8.284 0-15-6.716-15-15s6.716-15 15-15h20c8.284 0 15 6.716 15 15s-6.716 15-15 15zm0-60h-20c-8.284 0-15-6.716-15-15s6.716-15 15-15h20c8.284 0 15 6.716 15 15s-6.716 15-15 15zm80 120h-20c-8.284 0-15-6.716-15-15s6.716-15 15-15h20c8.284 0 15 6.716 15 15s-6.716 15-15 15zm0-60h-20c-8.284 0-15-6.716-15-15s6.716-15 15-15h20c8.284 0 15 6.716 15 15s-6.716 15-15 15zm0-60h-20c-8.284 0-15-6.716-15-15s6.716-15 15-15h20c8.284 0 15 6.716 15 15s-6.716 15-15 15z\"><\/path><path d=\"m87 227h-47c-22.091 0-40 17.909-40 40v205c0 22.091 17.909 40 40 40h47c22.091 0 40-17.909 40-40v-205c0-22.091-17.909-40-40-40z\"><\/path><\/svg><\/span>\n              <h5 class=\"u-text u-text-5\" data-animation-name=\"fadeIn\" data-animation-duration=\"1000\" data-animation-delay=\"0\">E-Fax<\/h5>\n              <p class=\"u-text u-text-6\">760 585 4939<\/p>\n            <\/div>\n          <\/div>\n          <div class=\"u-align-center u-container-align-center u-container-style u-list-item u-repeater-item u-white u-list-item-4\" data-animation-name=\"customAnimationIn\" data-animation-duration=\"1000\" data-animation-delay=\"0\">\n            <div class=\"u-container-layout u-similar-container u-valign-top u-container-layout-4\"><span class=\"u-icon u-icon-circle u-text-palette-1-base u-icon-4\"><svg class=\"u-svg-link\" preserveaspectratio=\"xMidYMin slice\" viewbox=\"0 0 512 512\" style=\"\"><use xlink:href=\"#svg-9f82\"><\/use><\/svg><svg class=\"u-svg-content\" viewbox=\"0 0 512 512\" x=\"0px\" y=\"0px\" id=\"svg-9f82\" style=\"enable-background:new 0 0 512 512;\"><g><g><path d=\"M507.49,101.721L352.211,256L507.49,410.279c2.807-5.867,4.51-12.353,4.51-19.279V121    C512,114.073,510.297,107.588,507.49,101.721z\"><\/path>\n<\/g>\n<\/g><g><g><path d=\"M467,76H45c-6.927,0-13.412,1.703-19.279,4.51l198.463,197.463c17.548,17.548,46.084,17.548,63.632,0L486.279,80.51    C480.412,77.703,473.927,76,467,76z\"><\/path>\n<\/g>\n<\/g><g><g><path d=\"M4.51,101.721C1.703,107.588,0,114.073,0,121v270c0,6.927,1.703,13.413,4.51,19.279L159.789,256L4.51,101.721z\"><\/path>\n<\/g>\n<\/g><g><g><path d=\"M331,277.211l-21.973,21.973c-29.239,29.239-76.816,29.239-106.055,0L181,277.211L25.721,431.49    C31.588,434.297,38.073,436,45,436h422c6.927,0,13.412-1.703,19.279-4.51L331,277.211z\"><\/path>\n<\/g>\n<\/g><\/svg><\/span>\n              <h5 class=\"u-text u-text-7\" data-animation-name=\"fadeIn\" data-animation-duration=\"1000\" data-animation-delay=\"0\">e-Mail<\/h5>\n              <p class=\"u-text u-text-8\">\n                <a href=\"mailto:hello@theme.com\" class=\"u-active-none u-border-1 u-border-active-black u-border-hover-black u-border-no-left u-border-no-right u-border-no-top u-border-palette-4-dark-2 u-btn u-button-link u-button-style u-hover-none u-none u-text-active-black u-text-hover-black u-text-palette-4-dark-1 u-btn-1\">assistinghandshealthcare208@gmail.com<\/a>\n              <\/p>\n            <\/div>\n          <\/div>\n        <\/div>\n      <\/div>\n      <div class=\"data-layout-selected u-clearfix u-layout-wrap u-layout-wrap-1\">\n        <div class=\"u-layout\">\n          <div class=\"u-layout-row\">\n            <div class=\"u-align-left u-container-align-left u-container-style u-layout-cell u-left-cell u-palette-1-base u-size-30 u-layout-cell-1\">\n              <div class=\"u-container-layout u-valign-bottom-xl u-valign-top-lg u-valign-top-md u-valign-top-sm u-valign-top-xs u-container-layout-5\">\n                <h3 class=\"u-custom-font u-font-playfair-display u-text u-text-black u-text-default u-text-9\"> \u00bfListo para dar el siguiente paso?<\/h3>\n                <p class=\"u-text u-text-default u-text-10\"> Solicite una cita hoy completando nuestro formulario r\u00e1pido y sencillo; nuestro equipo se pondr\u00e1 en contacto con usted para brindarle la atenci\u00f3n que necesita.<\/p>\n                <div class=\"u-expanded-width-sm u-expanded-width-xs u-form u-form-1\">\n                  <form action=\"https:\/\/service.nicepagesrv.com\/form\/v4\/form-process\" class=\"u-clearfix u-form-spacing-30 u-form-vertical u-inner-form\" style=\"padding: 0px;\" source=\"email\" name=\"form\">\n                    <div class=\"u-form-group u-form-name\">\n                      <label for=\"name-319a\" class=\"u-label u-text-body-alt-color u-label-1\">Name<\/label>\n                      <input type=\"text\" placeholder=\"Nombre\" id=\"name-319a\" name=\"name\" class=\"u-border-2 u-border-no-left u-border-no-right u-border-no-top u-border-white u-input u-input-rectangle\" required=\"\">\n                    <\/div>\n                    <div class=\"u-form-group u-form-partition-factor-2 u-form-group-2\">\n                      <label for=\"text-823c\" class=\"u-label u-text-body-alt-color u-label-2\">TELEFONO<\/label>\n                      <input type=\"text\" placeholder=\"Numero de Telefono\" id=\"text-823c\" name=\"text\" class=\"u-border-2 u-border-no-left u-border-no-right u-border-no-top u-border-white u-input u-input-rectangle\">\n                    <\/div>\n                    <div class=\"u-form-email u-form-group u-form-partition-factor-2\">\n                      <label for=\"email-319a\" class=\"u-label u-text-body-alt-color u-label-3\">Email<\/label>\n                      <input type=\"email\" placeholder=\"Correo Elecronico\" id=\"email-319a\" name=\"email\" class=\"u-border-2 u-border-no-left u-border-no-right u-border-no-top u-border-white u-input u-input-rectangle\" required=\"\">\n                    <\/div>\n                    <div class=\"u-form-group u-form-message\">\n                      <label for=\"message-319a\" class=\"u-label u-text-body-alt-color u-label-4\">Message<\/label>\n                      <textarea placeholder=\"Escribe tu mensaje\" rows=\"4\" cols=\"50\" id=\"message-319a\" name=\"message\" class=\"u-border-2 u-border-no-left u-border-no-right u-border-no-top u-border-white u-input u-input-rectangle\" required=\"\"><\/textarea>\n                    <\/div>\n                    <div class=\"u-align-left u-form-group u-form-submit\">\n                      <a href=\"#\" class=\"u-black u-border-none u-btn u-btn-submit u-button-style u-btn-2\">ENVIAR<\/a>\n                      <input type=\"submit\" value=\"submit\" class=\"u-form-control-hidden\">\n                    <\/div>\n                    <div class=\"u-form-send-message u-form-send-success\">Thank you! Your message has been sent.<\/div>\n                    <div class=\"u-form-send-error u-form-send-message\">Unable to send your message. Please fix errors then try again.<\/div>\n                    <input type=\"hidden\" value=\"\" name=\"recaptchaResponse\">\n                    <input type=\"hidden\" name=\"formServices\" value=\"e947d9dc-3c85-ba20-2ebe-8c7396c37823\">\n                    <input type=\"hidden\" name=\"siteKey\" value=\"6Lf-BdArAAAAAKALIhhKPwsivNpiscmYQ4CNWkyu\">\n                  <\/form>\n                <\/div>\n              <\/div>\n            <\/div>\n            <div class=\"u-black u-container-style u-layout-cell u-right-cell u-size-30 u-layout-cell-2\">\n              <div class=\"u-container-layout u-container-layout-6\">\n                <div class=\"u-expanded u-grey-light-2 u-map\">\n                  <div class=\"embed-responsive\">\n                    <iframe class=\"embed-responsive-item\" src=\"https:\/\/maps.google.com\/maps?output=embed&amp;q=436%20W.%20Colorado%20St.%20Suite%20208%20Glendale%2C%20CA%2091204&amp;z=12&amp;t=m\" data-map=\"JTdCJTIyYWRkcmVzcyUyMiUzQSUyMjQzNiUyMFcuJTIwQ29sb3JhZG8lMjBTdC4lMjBTdWl0ZSUyMDIwOCUyMEdsZW5kYWxlJTJDJTIwQ0ElMjA5MTIwNCUyMiUyQyUyMnpvb20lMjIlM0ExMiUyQyUyMnR5cGVJZCUyMiUzQSUyMnJvYWQlMjIlMkMlMjJsYW5nJTIyJTNBbnVsbCUyQyUyMmFwaUtleSUyMiUzQW51bGwlMkMlMjJtYXJrZXJzJTIyJTNBJTVCJTVEJTdE\"><\/iframe>\n                  <\/div>\n                <\/div>\n              <\/div>\n            <\/div>\n          <\/div>\n        <\/div>\n      <\/div>\n    <\/section>","protected":false},"excerpt":{"rendered":"<p>office 520 W. Main St El Centro, CA 92243 Phone 760 424 5306On Call 24\/7 E-Fax 760 585 4939 e-Mail assistinghandshealthcare208@gmail.com Ready to take the next step? Request an appointment today by filling out our quick and easy form \u2014 our team will be in touch to provide the care you need. Name Phone Email &hellip; <a href=\"https:\/\/assistinghandscare.com\/es\/contact\/\" class=\"more-link\">Continue reading<span class=\"screen-reader-text\"> &#8220;Contact&#8221;<\/span><\/a><\/p>","protected":false},"author":1,"featured_media":0,"parent":0,"menu_order":3,"comment_status":"closed","ping_status":"closed","template":"","meta":{"_coblocks_attr":"","_coblocks_dimensions":"","_coblocks_responsive_height":"","_coblocks_accordion_ie_support":"","footnotes":""},"class_list":["post-101","page","type-page","status-publish","hentry"],"_links":{"self":[{"href":"https:\/\/assistinghandscare.com\/es\/wp-json\/wp\/v2\/pages\/101","targetHints":{"allow":["GET"]}}],"collection":[{"href":"https:\/\/assistinghandscare.com\/es\/wp-json\/wp\/v2\/pages"}],"about":[{"href":"https:\/\/assistinghandscare.com\/es\/wp-json\/wp\/v2\/types\/page"}],"author":[{"embeddable":true,"href":"https:\/\/assistinghandscare.com\/es\/wp-json\/wp\/v2\/users\/1"}],"replies":[{"embeddable":true,"href":"https:\/\/assistinghandscare.com\/es\/wp-json\/wp\/v2\/comments?post=101"}],"version-history":[{"count":8,"href":"https:\/\/assistinghandscare.com\/es\/wp-json\/wp\/v2\/pages\/101\/revisions"}],"predecessor-version":[{"id":378,"href":"https:\/\/assistinghandscare.com\/es\/wp-json\/wp\/v2\/pages\/101\/revisions\/378"}],"wp:attachment":[{"href":"https:\/\/assistinghandscare.com\/es\/wp-json\/wp\/v2\/media?parent=101"}],"curies":[{"name":"wp","href":"https:\/\/api.w.org\/{rel}","templated":true}]}}