{"id":24,"date":"2025-09-20T01:22:10","date_gmt":"2025-09-20T01:22:10","guid":{"rendered":"https:\/\/assistinghandscare.com\/colibri-wp\/"},"modified":"2025-10-19T21:20:33","modified_gmt":"2025-10-19T21:20:33","slug":"colibri-wp","status":"publish","type":"page","link":"https:\/\/assistinghandscare.com\/es\/colibri-wp\/","title":{"rendered":"Servicios"},"content":{"rendered":"<section class=\"skrollable u-align-center u-clearfix u-container-align-center u-image u-parallax u-shading u-section-2\" id=\"block-1\" data-image-width=\"2560\" data-image-height=\"1707\" style=\"background-image: linear-gradient(0deg, rgba(0, 0, 0, 0.4), rgba(0, 0, 0, 0.4)), url(&quot;https:\/\/assistinghandscare.com\/wp-content\/uploads\/2025\/09\/4-scaled.jpg&quot;);\">\n      <div class=\"u-clearfix u-sheet u-valign-middle-lg u-valign-middle-md u-valign-middle-sm u-valign-middle-xs u-sheet-1\">\n        <h1 class=\"u-align-center u-custom-font u-font-playfair-display u-text u-text-default u-text-palette-1-base u-title u-text-1\">Nuestros Servicios<\/h1>\n        <a href=\"https:\/\/assistinghandscare.com\/es\/contact\/\" class=\"u-btn u-btn-round u-button-style u-hover-palette-1-light-1 u-palette-1-base u-radius u-btn-1\">SOLICITA UNA CITA<\/a>\n      <\/div>\n    <\/section>\n    <section class=\"u-align-center u-clearfix u-container-align-center u-gradient u-section-3\" id=\"sec-7e71\">\n      <div class=\"u-clearfix u-sheet u-valign-top-lg u-valign-top-md u-valign-top-sm u-valign-top-xs u-sheet-1\">\n        <div class=\"data-layout-selected u-clearfix u-expanded-width u-layout-wrap u-layout-wrap-1\">\n          <div class=\"u-layout\">\n            <div class=\"u-layout-row\">\n              <div class=\"u-align-left u-container-align-left u-container-style u-layout-cell u-size-30 u-layout-cell-1\">\n                <div class=\"u-container-layout u-container-layout-1\">\n                  <img decoding=\"async\" class=\"u-expanded-width u-image u-image-default u-image-1\" src=\"https:\/\/assistinghandscare.com\/wp-content\/uploads\/2025\/09\/5.jpg\" alt=\"\" data-image-width=\"1261\" data-image-height=\"832\">\n                  <h2 class=\"u-custom-font u-font-playfair-display u-text u-text-black u-text-1\"> Nuestros Servicios Disponibles 24\/7<\/h2>\n                  <p class=\"u-text u-text-2\"> En Assisting Hands Health Care, nos enorgullecemos de brindar atenci\u00f3n compasiva, profesional y personalizada a las personas mayores y sus familias. Nuestra amplia gama de servicios est\u00e1 dise\u00f1ada para promover la independencia, la dignidad y la comodidad en la vida diaria. Ya sea asistencia a domicilio, apoyo especializado o simplemente compa\u00f1\u00eda, nuestro dedicado equipo siempre est\u00e1 listo para ayudar. Lo mejor de todo es que estamos disponibles las 24 horas, los 7 d\u00edas de la semana, para garantizar su tranquilidad en todo momento.<\/p>\n                <\/div>\n              <\/div>\n              <div class=\"u-container-style u-layout-cell u-palette-4-light-3 u-size-30 u-layout-cell-2\">\n                <div class=\"u-container-layout u-valign-top u-container-layout-2\">\n                  <div class=\"u-accordion u-expanded-width u-spacing-2 u-accordion-1\" role=\"tablist\">\n                    <div class=\"u-accordion-item u-accordion-item-1\">\n                      <a class=\"active u-accordion-link u-button-style u-text-black u-accordion-link-1\" id=\"link-accordion-7c0e\" aria-controls=\"accordion-7c0e\" aria-selected=\"true\" role=\"tab\"><span class=\"u-accordion-link-text\"> Enfermer\u00eda especializada&nbsp;<\/span><span class=\"u-accordion-link-icon u-active-palette-4-light-1 u-hover-palette-4-light-1 u-icon u-icon-circle u-palette-4-base u-text-active-white u-text-hover-white u-text-white u-icon-1\"><svg class=\"u-svg-link\" preserveaspectratio=\"xMidYMin slice\" viewbox=\"0 0 426.66667 426.66667\" style=\"\"><use xlink:href=\"#svg-347e\"><\/use><\/svg><svg class=\"u-svg-content\" viewbox=\"0 0 426.66667 426.66667\" id=\"svg-347e\"><path d=\"m405.332031 192h-170.664062v-170.667969c0-11.773437-9.558594-21.332031-21.335938-21.332031-11.773437 0-21.332031 9.558594-21.332031 21.332031v170.667969h-170.667969c-11.773437 0-21.332031 9.558594-21.332031 21.332031 0 11.777344 9.558594 21.335938 21.332031 21.335938h170.667969v170.664062c0 11.777344 9.558594 21.335938 21.332031 21.335938 11.777344 0 21.335938-9.558594 21.335938-21.335938v-170.664062h170.664062c11.777344 0 21.335938-9.558594 21.335938-21.335938 0-11.773437-9.558594-21.332031-21.335938-21.332031zm0 0\"><\/path><\/svg><\/span>\n                      <\/a>\n                      <div class=\"u-accordion-active u-accordion-pane u-align-left-lg u-align-left-md u-align-left-xl u-container-style u-palette-1-dark-1 u-accordion-pane-1\" id=\"accordion-7c0e\" aria-labelledby=\"link-accordion-7c0e\" role=\"tabpanel\">\n                        <div class=\"u-container-layout u-valign-top-lg u-valign-top-md u-valign-top-sm u-valign-top-xs u-container-layout-3\">\n                          <p class=\"u-text u-text-3\"> Se proporcionara atenci\u00f3n especializada e instrucciones a pacientes y familiares. Permite que el paciente y su familia se desenvuelvan de forma independiente en casa, aumentando la comodidad del paciente y mejorando su salud general.<br>\n                            <br>\n                            <br>\n                            <br>\n                          <\/p>\n                        <\/div>\n                      <\/div>\n                    <\/div>\n                    <div class=\"u-accordion-item u-accordion-item-2\">\n                      <a class=\"u-accordion-link u-button-style u-text-black u-accordion-link-2\" id=\"link-accordion-05cb\" aria-controls=\"accordion-05cb\" aria-selected=\"false\" role=\"tab\"><span class=\"u-accordion-link-text\">Fisioterapia<\/span><span class=\"u-accordion-link-icon u-active-palette-4-light-1 u-hover-palette-4-light-1 u-icon u-icon-circle u-palette-4-base u-text-active-white u-text-hover-white u-text-white u-icon-2\"><svg class=\"u-svg-link\" preserveaspectratio=\"xMidYMin slice\" viewbox=\"0 0 426.66667 426.66667\" style=\"\"><use xlink:href=\"#svg-ae03\"><\/use><\/svg><svg class=\"u-svg-content\" viewbox=\"0 0 426.66667 426.66667\" id=\"svg-ae03\"><path d=\"m405.332031 192h-170.664062v-170.667969c0-11.773437-9.558594-21.332031-21.335938-21.332031-11.773437 0-21.332031 9.558594-21.332031 21.332031v170.667969h-170.667969c-11.773437 0-21.332031 9.558594-21.332031 21.332031 0 11.777344 9.558594 21.335938 21.332031 21.335938h170.667969v170.664062c0 11.777344 9.558594 21.335938 21.332031 21.335938 11.777344 0 21.335938-9.558594 21.335938-21.335938v-170.664062h170.664062c11.777344 0 21.335938-9.558594 21.335938-21.335938 0-11.773437-9.558594-21.332031-21.335938-21.332031zm0 0\"><\/path><\/svg><\/span>\n                      <\/a>\n                      <div class=\"u-accordion-pane u-align-left-lg u-align-left-md u-align-left-xl u-container-style u-palette-1-dark-1 u-accordion-pane-2\" id=\"accordion-05cb\" aria-labelledby=\"link-accordion-05cb\" role=\"tabpanel\">\n                        <div class=\"u-container-layout u-valign-top u-container-layout-4\">\n                          <p class=\"u-text u-text-4\"> Centrados en restaurar la fuerza, la movilidad y la independencia, nuestros servicios de terapia ayudan a las personas mayores a recuperarse de manera segura y mejorar la funci\u00f3n diaria.<br>\n                            <br>\n                            <br>\n                            <br>\n                          <\/p>\n                        <\/div>\n                      <\/div>\n                    <\/div>\n                    <div class=\"u-accordion-item u-accordion-item-3\">\n                      <a class=\"u-accordion-link u-button-style u-text-black u-accordion-link-3\" id=\"link-accordion-a6bb\" aria-controls=\"accordion-a6bb\" aria-selected=\"false\" role=\"tab\"><span class=\"u-accordion-link-text\"> Terapia Ocupacional<\/span><span class=\"u-accordion-link-icon u-active-palette-4-light-1 u-hover-palette-4-light-1 u-icon u-icon-circle u-palette-4-base u-text-active-white u-text-hover-white u-text-white u-icon-3\"><svg class=\"u-svg-link\" preserveaspectratio=\"xMidYMin slice\" viewbox=\"0 0 426.66667 426.66667\" style=\"\"><use xlink:href=\"#svg-a4a8\"><\/use><\/svg><svg class=\"u-svg-content\" viewbox=\"0 0 426.66667 426.66667\" id=\"svg-a4a8\"><path d=\"m405.332031 192h-170.664062v-170.667969c0-11.773437-9.558594-21.332031-21.335938-21.332031-11.773437 0-21.332031 9.558594-21.332031 21.332031v170.667969h-170.667969c-11.773437 0-21.332031 9.558594-21.332031 21.332031 0 11.777344 9.558594 21.335938 21.332031 21.335938h170.667969v170.664062c0 11.777344 9.558594 21.335938 21.332031 21.335938 11.777344 0 21.335938-9.558594 21.335938-21.335938v-170.664062h170.664062c11.777344 0 21.335938-9.558594 21.335938-21.335938 0-11.773437-9.558594-21.332031-21.335938-21.332031zm0 0\"><\/path><\/svg><\/span>\n                      <\/a>\n                      <div class=\"u-accordion-pane u-align-left-lg u-align-left-md u-align-left-xl u-container-style u-palette-1-dark-1 u-accordion-pane-3\" id=\"accordion-a6bb\" aria-labelledby=\"link-accordion-a6bb\" role=\"tabpanel\">\n                        <div class=\"u-container-layout u-valign-top u-container-layout-5\">\n                          <p class=\"u-text u-text-5\"> Ayudar a las personas mayores a mantener su independencia mejorando las habilidades de la vida diaria, promoviendo la seguridad y mejorando la calidad de vida a trav\u00e9s de atenci\u00f3n personalizada.<\/p>\n                        <\/div>\n                      <\/div>\n                    <\/div>\n                    <div class=\"u-accordion-item u-accordion-item-4\">\n                      <a class=\"u-accordion-link u-button-style u-text-black u-accordion-link-4\" id=\"link-accordion-a6bb\" aria-controls=\"accordion-a6bb\" aria-selected=\"false\" role=\"tab\"><span class=\"u-accordion-link-text\"> Terapia del habla&nbsp;<\/span><span class=\"u-accordion-link-icon u-active-palette-4-light-1 u-hover-palette-4-light-1 u-icon u-icon-circle u-palette-4-base u-text-active-white u-text-hover-white u-text-white u-icon-4\"><svg class=\"u-svg-link\" preserveaspectratio=\"xMidYMin slice\" viewbox=\"0 0 426.66667 426.66667\" style=\"\"><use xlink:href=\"#svg-f384\"><\/use><\/svg><svg class=\"u-svg-content\" viewbox=\"0 0 426.66667 426.66667\" id=\"svg-f384\"><path d=\"m405.332031 192h-170.664062v-170.667969c0-11.773437-9.558594-21.332031-21.335938-21.332031-11.773437 0-21.332031 9.558594-21.332031 21.332031v170.667969h-170.667969c-11.773437 0-21.332031 9.558594-21.332031 21.332031 0 11.777344 9.558594 21.335938 21.332031 21.335938h170.667969v170.664062c0 11.777344 9.558594 21.335938 21.332031 21.335938 11.777344 0 21.335938-9.558594 21.335938-21.335938v-170.664062h170.664062c11.777344 0 21.335938-9.558594 21.335938-21.335938 0-11.773437-9.558594-21.332031-21.335938-21.332031zm0 0\"><\/path><\/svg><\/span>\n                      <\/a>\n                      <div class=\"u-accordion-pane u-align-left-lg u-align-left-md u-align-left-xl u-container-style u-palette-1-dark-1 u-accordion-pane-4\" id=\"accordion-a6bb\" aria-labelledby=\"link-accordion-a6bb\" role=\"tabpanel\">\n                        <div class=\"u-container-layout u-valign-top u-container-layout-6\">\n                          <p class=\"u-text u-text-6\">Ayudamos a las personas mayores a mejorar la comunicaci\u00f3n, la claridad del habla, para mejorar la confianza y la calidad de vida en general. <\/p>\n                        <\/div>\n                      <\/div>\n                    <\/div>\n                    <div class=\"u-accordion-item u-accordion-item-5\">\n                      <a class=\"u-accordion-link u-button-style u-text-black u-accordion-link-5\" id=\"link-8ee7\" role=\"tab\" aria-controls=\"8ee7\" aria-selected=\"false\"><span class=\"u-accordion-link-text\">Servicios Sociales<\/span><span class=\"u-accordion-link-icon u-active-palette-4-light-1 u-hover-palette-4-light-1 u-icon u-icon-circle u-palette-4-base u-text-active-white u-text-hover-white u-text-white u-icon-5\"><svg class=\"u-svg-link\" preserveaspectratio=\"xMidYMin slice\" viewbox=\"0 0 426.66667 426.66667\" style=\"\"><use xlink:href=\"#svg-10f2\"><\/use><\/svg><svg class=\"u-svg-content\" viewbox=\"0 0 426.66667 426.66667\" id=\"svg-10f2\"><path d=\"m405.332031 192h-170.664062v-170.667969c0-11.773437-9.558594-21.332031-21.335938-21.332031-11.773437 0-21.332031 9.558594-21.332031 21.332031v170.667969h-170.667969c-11.773437 0-21.332031 9.558594-21.332031 21.332031 0 11.777344 9.558594 21.335938 21.332031 21.335938h170.667969v170.664062c0 11.777344 9.558594 21.335938 21.332031 21.335938 11.777344 0 21.335938-9.558594 21.335938-21.335938v-170.664062h170.664062c11.777344 0 21.335938-9.558594 21.335938-21.335938 0-11.773437-9.558594-21.332031-21.335938-21.332031zm0 0\"><\/path><\/svg><\/span>\n                      <\/a>\n                      <div class=\"u-accordion-pane u-align-left-lg u-align-left-md u-align-left-xl u-container-style u-palette-1-dark-1 u-accordion-pane-5\" id=\"8ee7\" role=\"tabpanel\" aria-labelledby=\"link-8ee7\">\n                        <div class=\"u-container-layout u-container-layout-7\">\n                          <p class=\"u-text u-text-default u-text-7\"> Ayudar a personas mayores y familias con apoyo emocional, conexiones de recursos y coordinaci\u00f3n de atenci\u00f3n para abordar los desaf\u00edos relacionados con la enfermedad y el envejecimiento.<\/p>\n                        <\/div>\n                      <\/div>\n                    <\/div>\n                    <div class=\"u-accordion-item u-accordion-item-6\">\n                      <a class=\"u-accordion-link u-button-style u-text-black u-accordion-link-6\" id=\"link-3e4f\" role=\"tab\" aria-controls=\"3e4f\" aria-selected=\"false\"><span class=\"u-accordion-link-text\">Ayuda certificada de salud en el hogar<\/span><span class=\"u-accordion-link-icon u-active-palette-4-light-1 u-hover-palette-4-light-1 u-icon u-icon-circle u-palette-4-base u-text-active-white u-text-hover-white u-text-white u-icon-6\"><svg class=\"u-svg-link\" preserveaspectratio=\"xMidYMin slice\" viewbox=\"0 0 426.66667 426.66667\" style=\"\"><use xlink:href=\"#svg-7720\"><\/use><\/svg><svg class=\"u-svg-content\" viewbox=\"0 0 426.66667 426.66667\" id=\"svg-7720\"><path d=\"m405.332031 192h-170.664062v-170.667969c0-11.773437-9.558594-21.332031-21.335938-21.332031-11.773437 0-21.332031 9.558594-21.332031 21.332031v170.667969h-170.667969c-11.773437 0-21.332031 9.558594-21.332031 21.332031 0 11.777344 9.558594 21.335938 21.332031 21.335938h170.667969v170.664062c0 11.777344 9.558594 21.335938 21.332031 21.335938 11.777344 0 21.335938-9.558594 21.335938-21.335938v-170.664062h170.664062c11.777344 0 21.335938-9.558594 21.335938-21.335938 0-11.773437-9.558594-21.332031-21.335938-21.332031zm0 0\"><\/path><\/svg><\/span>\n                      <\/a>\n                      <div class=\"u-accordion-pane u-align-left-lg u-align-left-md u-align-left-xl u-container-style u-palette-1-dark-1 u-accordion-pane-6\" id=\"3e4f\" role=\"tabpanel\" aria-labelledby=\"link-3e4f\">\n                        <div class=\"u-container-layout u-container-layout-8\">\n                          <p class=\"u-text u-text-default u-text-8\">Brindamos atenci\u00f3n personal, asistencia en la vida diaria y apoyo compasivo para ayudar a las personas mayores a permanecer seguras, c\u00f3modas e independientes en casa. <\/p>\n                        <\/div>\n                      <\/div>\n                    <\/div>\n                    <div class=\"u-accordion-item u-accordion-item-7\">\n                      <a class=\"u-accordion-link u-button-style u-text-black u-accordion-link-7\" id=\"link-0d6a\" role=\"tab\" aria-controls=\"0d6a\" aria-selected=\"false\"><span class=\"u-accordion-link-text\">Cuidado del Alzheimer<\/span><span class=\"u-accordion-link-icon u-active-palette-4-light-1 u-hover-palette-4-light-1 u-icon u-icon-circle u-palette-4-base u-text-active-white u-text-hover-white u-text-white u-icon-7\"><svg class=\"u-svg-link\" preserveaspectratio=\"xMidYMin slice\" viewbox=\"0 0 426.66667 426.66667\" style=\"\"><use xlink:href=\"#svg-9ae4\"><\/use><\/svg><svg class=\"u-svg-content\" viewbox=\"0 0 426.66667 426.66667\" id=\"svg-9ae4\"><path d=\"m405.332031 192h-170.664062v-170.667969c0-11.773437-9.558594-21.332031-21.335938-21.332031-11.773437 0-21.332031 9.558594-21.332031 21.332031v170.667969h-170.667969c-11.773437 0-21.332031 9.558594-21.332031 21.332031 0 11.777344 9.558594 21.335938 21.332031 21.335938h170.667969v170.664062c0 11.777344 9.558594 21.335938 21.332031 21.335938 11.777344 0 21.335938-9.558594 21.335938-21.335938v-170.664062h170.664062c11.777344 0 21.335938-9.558594 21.335938-21.335938 0-11.773437-9.558594-21.332031-21.335938-21.332031zm0 0\"><\/path><\/svg><\/span>\n                      <\/a>\n                      <div class=\"u-accordion-pane u-align-left-lg u-align-left-md u-align-left-xl u-container-style u-palette-1-dark-1 u-accordion-pane-7\" id=\"0d6a\" role=\"tabpanel\" aria-labelledby=\"link-0d6a\">\n                        <div class=\"u-container-layout u-container-layout-9\">\n                          <p class=\"u-text u-text-default u-text-9\">Ofreciendo apoyo especializado con paciencia y compasi\u00f3n, centr\u00e1ndonos en la seguridad, la comodidad y la dignidad de las personas mayores que viven con p\u00e9rdida de memoria. <\/p>\n                        <\/div>\n                      <\/div>\n                    <\/div>\n                    <div class=\"u-accordion-item u-accordion-item-8\">\n                      <a class=\"u-accordion-link u-button-style u-text-black u-accordion-link-8\" id=\"link-9117\" role=\"tab\" aria-controls=\"9117\" aria-selected=\"false\"><span class=\"u-accordion-link-text\">Gesti\u00f3n de atenci\u00f3n geri\u00e1trica<\/span><span class=\"u-accordion-link-icon u-active-palette-4-light-1 u-hover-palette-4-light-1 u-icon u-icon-circle u-palette-4-base u-text-active-white u-text-hover-white u-text-white u-icon-8\"><svg class=\"u-svg-link\" preserveaspectratio=\"xMidYMin slice\" viewbox=\"0 0 426.66667 426.66667\" style=\"\"><use xlink:href=\"#svg-d444\"><\/use><\/svg><svg class=\"u-svg-content\" viewbox=\"0 0 426.66667 426.66667\" id=\"svg-d444\"><path d=\"m405.332031 192h-170.664062v-170.667969c0-11.773437-9.558594-21.332031-21.335938-21.332031-11.773437 0-21.332031 9.558594-21.332031 21.332031v170.667969h-170.667969c-11.773437 0-21.332031 9.558594-21.332031 21.332031 0 11.777344 9.558594 21.335938 21.332031 21.335938h170.667969v170.664062c0 11.777344 9.558594 21.335938 21.332031 21.335938 11.777344 0 21.335938-9.558594 21.335938-21.335938v-170.664062h170.664062c11.777344 0 21.335938-9.558594 21.335938-21.335938 0-11.773437-9.558594-21.332031-21.335938-21.332031zm0 0\"><\/path><\/svg><\/span>\n                      <\/a>\n                      <div class=\"u-accordion-pane u-align-left-lg u-align-left-md u-align-left-xl u-container-style u-palette-1-dark-1 u-accordion-pane-8\" id=\"9117\" role=\"tabpanel\" aria-labelledby=\"link-9117\">\n                        <div class=\"u-container-layout u-container-layout-10\">\n                          <p class=\"u-text u-text-default u-text-10\">Coordinar las necesidades de atenci\u00f3n m\u00e9dica, social y personal para garantizar que las personas mayores reciban apoyo integral y mantengan la mejor calidad de vida. <\/p>\n                        <\/div>\n                      <\/div>\n                    <\/div>\n                    <div class=\"u-accordion-item u-accordion-item-9\">\n                      <a class=\"u-accordion-link u-button-style u-text-black u-accordion-link-9\" id=\"link-8481\" role=\"tab\" aria-controls=\"8481\" aria-selected=\"false\"><span class=\"u-accordion-link-text\">Atenci\u00f3n post hospitalizaci\u00f3n<\/span><span class=\"u-accordion-link-icon u-active-palette-4-light-1 u-hover-palette-4-light-1 u-icon u-icon-circle u-palette-4-base u-text-active-white u-text-hover-white u-text-white u-icon-9\"><svg class=\"u-svg-link\" preserveaspectratio=\"xMidYMin slice\" viewbox=\"0 0 426.66667 426.66667\" style=\"\"><use xlink:href=\"#svg-fea8\"><\/use><\/svg><svg class=\"u-svg-content\" viewbox=\"0 0 426.66667 426.66667\" id=\"svg-fea8\"><path d=\"m405.332031 192h-170.664062v-170.667969c0-11.773437-9.558594-21.332031-21.335938-21.332031-11.773437 0-21.332031 9.558594-21.332031 21.332031v170.667969h-170.667969c-11.773437 0-21.332031 9.558594-21.332031 21.332031 0 11.777344 9.558594 21.335938 21.332031 21.335938h170.667969v170.664062c0 11.777344 9.558594 21.335938 21.332031 21.335938 11.777344 0 21.335938-9.558594 21.335938-21.335938v-170.664062h170.664062c11.777344 0 21.335938-9.558594 21.335938-21.335938 0-11.773437-9.558594-21.332031-21.335938-21.332031zm0 0\"><\/path><\/svg><\/span>\n                      <\/a>\n                      <div class=\"u-accordion-pane u-align-left-lg u-align-left-md u-align-left-xl u-container-style u-palette-1-dark-1 u-accordion-pane-9\" id=\"8481\" role=\"tabpanel\" aria-labelledby=\"link-8481\">\n                        <div class=\"u-container-layout u-container-layout-11\">\n                          <p class=\"u-text u-text-default u-text-11\">Apoyamos la recuperaci\u00f3n despu\u00e9s del alta hospitalaria con asistencia personalizada, coordinaci\u00f3n de terapia y atenci\u00f3n compasiva para promover la curaci\u00f3n y prevenir la readmisi\u00f3n. <\/p>\n                        <\/div>\n                      <\/div>\n                    <\/div>\n                  <\/div>\n                <\/div>\n              <\/div>\n            <\/div>\n          <\/div>\n        <\/div>\n      <\/div>\n    <\/section>","protected":false},"excerpt":{"rendered":"<p>Our Services Request an appointment Our Services On Call 24\/7 At Assisting Hands Health Care, we proudly provide compassionate, professional, and personalized care for seniors and their families. Our wide range of services is designed to promote independence, dignity, and comfort in daily living. Whether it\u2019s assistance at home, specialized support, or simply companionship, our &hellip; <a href=\"https:\/\/assistinghandscare.com\/es\/colibri-wp\/\" class=\"more-link\">Continue reading<span class=\"screen-reader-text\"> &#8220;Services&#8221;<\/span><\/a><\/p>","protected":false},"author":1,"featured_media":0,"parent":0,"menu_order":0,"comment_status":"closed","ping_status":"closed","template":"","meta":{"_coblocks_attr":"","_coblocks_dimensions":"","_coblocks_responsive_height":"","_coblocks_accordion_ie_support":"","footnotes":""},"class_list":["post-24","page","type-page","status-publish","hentry"],"_links":{"self":[{"href":"https:\/\/assistinghandscare.com\/es\/wp-json\/wp\/v2\/pages\/24","targetHints":{"allow":["GET"]}}],"collection":[{"href":"https:\/\/assistinghandscare.com\/es\/wp-json\/wp\/v2\/pages"}],"about":[{"href":"https:\/\/assistinghandscare.com\/es\/wp-json\/wp\/v2\/types\/page"}],"author":[{"embeddable":true,"href":"https:\/\/assistinghandscare.com\/es\/wp-json\/wp\/v2\/users\/1"}],"replies":[{"embeddable":true,"href":"https:\/\/assistinghandscare.com\/es\/wp-json\/wp\/v2\/comments?post=24"}],"version-history":[{"count":9,"href":"https:\/\/assistinghandscare.com\/es\/wp-json\/wp\/v2\/pages\/24\/revisions"}],"predecessor-version":[{"id":373,"href":"https:\/\/assistinghandscare.com\/es\/wp-json\/wp\/v2\/pages\/24\/revisions\/373"}],"wp:attachment":[{"href":"https:\/\/assistinghandscare.com\/es\/wp-json\/wp\/v2\/media?parent=24"}],"curies":[{"name":"wp","href":"https:\/\/api.w.org\/{rel}","templated":true}]}}